{"id":581,"date":"2022-09-11T21:08:10","date_gmt":"2022-09-11T21:08:10","guid":{"rendered":"https:\/\/linguisticasum.fr\/?page_id=581"},"modified":"2026-05-02T14:28:12","modified_gmt":"2026-05-02T14:28:12","slug":"curriculum-vitae","status":"publish","type":"page","link":"https:\/\/linguisticasum.fr\/","title":{"rendered":"Accueil"},"content":{"rendered":"<p style=\"text-align: center;\">\u2014 comprendre les interactions, les signes et les savoirs \u00e0 l\u2019\u00e8re num\u00e9rique.<\/p>\n<p style=\"text-align: left;\" data-start=\"714\" data-end=\"845\">Bienvenue sur <strong data-start=\"728\" data-end=\"747\">Linguistica Sum<\/strong>, un espace consacr\u00e9 \u00e0 l\u2019\u00e9tude des langues, des signes, des discours et des interactions humaines.<\/p>\n\n\n<p class=\"has-text-align-center\">Vous pourrez y d\u00e9couvrir mon carnet de recherche, espace de vulgarisation scientifique et autour des sciences du langage, de la s\u00e9miotique et des pratiques num\u00e9riques. <\/p>\n\n\n<p style=\"text-align: left;\" data-start=\"714\" data-end=\"845\">Ce site s\u2019inscrit dans une d\u00e9marche de recherche et de transmission. Il propose des r\u00e9flexions issues des sciences du langage, de la s\u00e9miotique et des sciences humaines et sociales, avec une attention particuli\u00e8re port\u00e9e aux environnements num\u00e9riques, aux artefacts technologiques et aux formes contemporaines de communication. Doctorant en sciences du langage \u00e0 Aix-Marseille Universit\u00e9, au sein du Laboratoire Parole et Langage, je m\u2019int\u00e9resse notamment aux interactions humaines m\u00e9di\u00e9es par les plateformes num\u00e9riques. \u00c0 travers ce carnet, je souhaite rendre accessibles des questionnements scientifiques souvent r\u00e9serv\u00e9s aux espaces universitaires, tout en d\u00e9veloppant une approche rigoureuse, critique et ouverte.<\/p>\n\n\n<div class=\"wp-block-columns is-layout-flex wp-container-core-columns-is-layout-9d6595d7 wp-block-columns-is-layout-flex\">\n<div class=\"wp-block-column is-layout-flow wp-block-column-is-layout-flow\">\n<div class=\"wp-block-buttons is-content-justification-center is-layout-flex wp-container-core-buttons-is-layout-16018d1d wp-block-buttons-is-layout-flex\">\n<div class=\"wp-block-button\"><a class=\"wp-block-button__link wp-element-button\" href=\"https:\/\/linguisticasum.fr\/?page_id=580\">Lire<\/a><\/div>\n<\/div>\n\n\n\n<p style=\"text-align: center;\">Articles, analyses, notes de recherche et r\u00e9flexions autour des sciences du langage, de la s\u00e9miotique, du num\u00e9rique, de l&rsquo;intelligence artificielle et des pratiques sociales contemporaines.\u00a0<\/p>\n\n\n\n<div class=\"wp-block-buttons is-layout-flex wp-container-core-buttons-is-layout-a74382ec wp-block-buttons-is-layout-flex\"><\/div>\n<\/div>\n\n\n\n<div class=\"wp-block-column is-layout-flow wp-block-column-is-layout-flow\">\n<div class=\"wp-block-buttons is-content-justification-center is-layout-flex wp-container-core-buttons-is-layout-16018d1d wp-block-buttons-is-layout-flex\">\n<div class=\"wp-block-button\"><a class=\"wp-block-button__link wp-element-button\" href=\"https:\/\/linguisticasum.fr\/?page_id=592\">Ecouter<\/a><\/div>\n<\/div>\n\n\n\n<p style=\"text-align: center;\">Avec le projet <strong>PAROLES<\/strong>, nous donnons une place aux r\u00e9cits ordinaires. Ce podcast vise \u00e0 documenter des trajectoires, des mani\u00e8res de dire, des fa\u00e7ons de vivre et de transmettre.\u00a0<\/p>\n\n\n\n<div class=\"wp-block-buttons is-layout-flex wp-block-buttons-is-layout-flex\"><\/div>\n<\/div>\n\n\n\n<div class=\"wp-block-column is-layout-flow wp-block-column-is-layout-flow\">\n<div class=\"wp-block-buttons is-content-justification-center is-layout-flex wp-container-core-buttons-is-layout-16018d1d wp-block-buttons-is-layout-flex\">\n<div class=\"wp-block-button\"><a class=\"wp-block-button__link wp-element-button\">Apprendre<\/a><\/div>\n<\/div>\n\n\n\n<p style=\"text-align: center;\"><strong>Linguistica sum<\/strong> propose \u00e9galement des ressources et des accompagnements : m\u00e9thodologie, r\u00e9daction acad\u00e9mique, usage des outils num\u00e9riques et de l&rsquo;intelligence artificielle.\u00a0<\/p>\n\n\n\n<div class=\"wp-block-buttons is-layout-flex wp-container-core-buttons-is-layout-a74382ec wp-block-buttons-is-layout-flex\"><\/div>\n<\/div>\n<\/div>\n\n\n\n<hr class=\"wp-block-separator has-alpha-channel-opacity\"\/>\n\n\n\n<div class=\"wp-block-uagb-advanced-heading uagb-block-906116a6\"><h2 class=\"uagb-heading-text\">\u00c0 qui s&rsquo;adresse notre contenus ? <\/h2><\/div>\n\n\n\n<p>Nous nous adressons : <\/p>\n\n\n\n<ul class=\"wp-block-list\">\n<li>Aux \u00e9tudiants ; <\/li>\n\n\n\n<li>Aux enseignants, formateurs et m\u00e9diateurs scientifiques ; <\/li>\n\n\n\n<li>Aux chercheurs ou doctorants souhaitant suivre un carnet de recherche ; <\/li>\n\n\n\n<li>Aux personnes cherchant un accompagnement m\u00e9thodologique ou r\u00e9dactionnel ; <\/li>\n\n\n\n<li>Aux personnes int\u00e9ress\u00e9es par la linguistique, la s\u00e9miotique, le num\u00e9rique ; <\/li>\n\n\n\n<li>Aux curieux souhaitant mieux comprendre les formes contemporaines de communication. <\/li>\n<\/ul>\n\n\n\n<p>Et \u00e0 toute personne curieuse souhaitant d\u00e9couvrir mon univers de recherche et mes r\u00e9flexions ! <\/p>\n\n\n\n<h2 class=\"wp-block-heading\">Notre d\u00e9marche : <\/h2>\n\n\n\n<p>Linguistica Sum repose sur une conviction simple : les savoirs scientifiques gagnent \u00e0 \u00eatre partag\u00e9s, discut\u00e9s et rendus accessibles.&nbsp;<\/p>\n\n\n\n<p>Le site d\u00e9fend une approche fond\u00e9e sur :&nbsp;<\/p>\n\n\n\n<ul class=\"wp-block-list\">\n<li>la rigueur scientifique ;<\/li>\n\n\n\n<li>la transmission claire des connaissances ;<\/li>\n\n\n\n<li>l\u2019open source et l&rsquo;accessibilit\u00e9 aux ressources ;<\/li>\n\n\n\n<li>l\u2019attention aux usages ordinaires du langage ;<\/li>\n\n\n\n<li>la valorisation des sciences humaines et sociales.&nbsp;<\/li>\n<\/ul>\n\n\n\n<p>Il ne s\u2019agit pas seulement de parler de linguistique, mais de montrer comment les langues, les signes et les interactions structurent nos mani\u00e8res de comprendre le monde, de nous relier aux autres et d\u2019habiter les espaces num\u00e9riques.&nbsp;<\/p>\n\n\n\n<h2 class=\"wp-block-heading\">Qui suis-je ? <\/h2>\n\n\n<p>Linguiste de formation, j&rsquo;\u00e9tudie les interactions humaines, la communication ainsi que la s\u00e9miotique. Doctorant aupr\u00e8s du laboratoire Parole et Langage (LPL) et de l&rsquo;Universit\u00e9 d&rsquo;Aix-Marseille, mon sujet d&rsquo;\u00e9tude sont les interactions humaine \u00e0 travers la plateforme de Twitch.tv. Je cherche \u00e0 d\u00e9crire les interactions dans un contexte num\u00e9rique qui est celui du streaming (principalement via TwitchTv) et plus largement \u00e0 comprendre les m\u00e9canismes qui r\u00e9gissent les interactions \u00e0 travers les outils num\u00e9rique.\u00a0<\/p>\n<p>Pour plus d&rsquo;informations :\u00a0<\/p>\n\n\n<div class=\"wp-block-buttons is-content-justification-center is-layout-flex wp-container-core-buttons-is-layout-16018d1d wp-block-buttons-is-layout-flex\">\n<div class=\"wp-block-button\"><a class=\"wp-block-button__link wp-element-button\" href=\"https:\/\/linguisticasum.fr\/?page_id=810\">Qui suis-je ? <\/a><\/div>\n<\/div>\n\n\n\n<p><\/p>\n","protected":false},"excerpt":{"rendered":"<p>\u2014 comprendre les interactions, les signes et les savoirs \u00e0 l\u2019\u00e8re num\u00e9rique. Bienvenue sur Linguistica Sum, un espace consacr\u00e9 \u00e0 l\u2019\u00e9tude des langues, des signes,<\/p>\n","protected":false},"author":1,"featured_media":0,"parent":0,"menu_order":0,"comment_status":"closed","ping_status":"closed","template":"","meta":{"om_disable_all_campaigns":false,"_uag_custom_page_level_css":"","_monsterinsights_skip_tracking":false,"_monsterinsights_sitenote_active":false,"_monsterinsights_sitenote_note":"","_monsterinsights_sitenote_category":0,"footnotes":""},"class_list":["post-581","page","type-page","status-publish","hentry"],"aioseo_notices":[],"uagb_featured_image_src":{"full":false,"thumbnail":false,"medium":false,"medium_large":false,"large":false,"1536x1536":false,"2048x2048":false,"fairy-large":false,"fairy-medium":false},"uagb_author_info":{"display_name":"Romain J.","author_link":"https:\/\/linguisticasum.fr\/?author=1"},"uagb_comment_info":0,"uagb_excerpt":"\u2014 comprendre les interactions, les signes et les savoirs \u00e0 l\u2019\u00e8re num\u00e9rique. Bienvenue sur Linguistica Sum, un espace consacr\u00e9 \u00e0 l\u2019\u00e9tude des langues, des signes,","_links":{"self":[{"href":"https:\/\/linguisticasum.fr\/index.php?rest_route=\/wp\/v2\/pages\/581","targetHints":{"allow":["GET"]}}],"collection":[{"href":"https:\/\/linguisticasum.fr\/index.php?rest_route=\/wp\/v2\/pages"}],"about":[{"href":"https:\/\/linguisticasum.fr\/index.php?rest_route=\/wp\/v2\/types\/page"}],"author":[{"embeddable":true,"href":"https:\/\/linguisticasum.fr\/index.php?rest_route=\/wp\/v2\/users\/1"}],"replies":[{"embeddable":true,"href":"https:\/\/linguisticasum.fr\/index.php?rest_route=%2Fwp%2Fv2%2Fcomments&post=581"}],"version-history":[{"count":72,"href":"https:\/\/linguisticasum.fr\/index.php?rest_route=\/wp\/v2\/pages\/581\/revisions"}],"predecessor-version":[{"id":812,"href":"https:\/\/linguisticasum.fr\/index.php?rest_route=\/wp\/v2\/pages\/581\/revisions\/812"}],"wp:attachment":[{"href":"https:\/\/linguisticasum.fr\/index.php?rest_route=%2Fwp%2Fv2%2Fmedia&parent=581"}],"curies":[{"name":"wp","href":"https:\/\/api.w.org\/{rel}","templated":true}]}}