{"id":592,"date":"2022-09-11T21:16:29","date_gmt":"2022-09-11T21:16:29","guid":{"rendered":"https:\/\/linguisticasum.fr\/?page_id=592"},"modified":"2025-09-20T21:07:42","modified_gmt":"2025-09-20T21:07:42","slug":"publications","status":"publish","type":"page","link":"https:\/\/linguisticasum.fr\/?page_id=592","title":{"rendered":"PAROLES"},"content":{"rendered":"<p style=\"text-align: justify;\">PAROLES est un projet tourn\u00e9 vers un public souvent d\u00e9laiss\u00e9 : les personnes \u00ab\u00a0ordinaires\u00a0\u00bb qui composent la soci\u00e9t\u00e9 et dont la parole est rarement mise en avant dans des formats m\u00e9diatiques longs et exigeants. Plut\u00f4t qu&rsquo;une vision \u00ab\u00a0par le haut\u00a0\u00bb (experts, d\u00e9cideurs, figures m\u00e9diatis\u00e9es), nous proposons de d\u00e9sinvisibiliser la parole des citoyens et citoyennes \u00e0 qui le micro est trop peu tendu.<\/p>\n<p style=\"text-align: justify;\">Nous r\u00e9pondons \u00e0 un manque dans l&rsquo;espace public : la parole des \u00ab\u00a0<em>gens ordinaires<\/em>\u00a0\u00bb qui est souvent confisqu\u00e9e ou r\u00e9duite \u00e0 des micros-trottoirs tr\u00e8s superficiels. Nous cr\u00e9ons un archivage de la m\u00e9moire sociale en documentant des r\u00e9cits de vie qui montrent la diversit\u00e9 des exp\u00e9riences dans la soci\u00e9t\u00e9 contemporaine.<\/p>\n<p style=\"text-align: justify;\">L\u2019int\u00e9r\u00eat de ce format n\u2019est pas seulement de faire entendre de nouvelles voix, mais de r\u00e9\u00e9quilibrer la hi\u00e9rarchie sociale des paroles l\u00e9gitimes en affirmant que la soci\u00e9t\u00e9 se comprend mieux depuis sa \u2018<em>base<\/em>\u2019 que depuis son \u2018<em>sommet<\/em>\u2019.<\/p>\n<p>Pour acc\u00e9der au podcast :<\/p>\n<p>[ LIEN ]<\/p>\n<p>[Page en construction &#8211; MAJ au SEPTEMBRE 2025]<\/p>\n","protected":false},"excerpt":{"rendered":"<p>PAROLES est un projet tourn\u00e9 vers un public souvent d\u00e9laiss\u00e9 : les personnes \u00ab\u00a0ordinaires\u00a0\u00bb qui composent la soci\u00e9t\u00e9 et dont la parole est rarement mise<\/p>\n","protected":false},"author":1,"featured_media":0,"parent":0,"menu_order":0,"comment_status":"closed","ping_status":"closed","template":"","meta":{"om_disable_all_campaigns":false,"_uag_custom_page_level_css":"","_monsterinsights_skip_tracking":false,"_monsterinsights_sitenote_active":false,"_monsterinsights_sitenote_note":"","_monsterinsights_sitenote_category":0,"footnotes":""},"class_list":["post-592","page","type-page","status-publish","hentry"],"aioseo_notices":[],"uagb_featured_image_src":{"full":false,"thumbnail":false,"medium":false,"medium_large":false,"large":false,"1536x1536":false,"2048x2048":false,"fairy-large":false,"fairy-medium":false},"uagb_author_info":{"display_name":"Romain J.","author_link":"https:\/\/linguisticasum.fr\/?author=1"},"uagb_comment_info":0,"uagb_excerpt":"PAROLES est un projet tourn\u00e9 vers un public souvent d\u00e9laiss\u00e9 : les personnes \u00ab\u00a0ordinaires\u00a0\u00bb qui composent la soci\u00e9t\u00e9 et dont la parole est rarement mise","_links":{"self":[{"href":"https:\/\/linguisticasum.fr\/index.php?rest_route=\/wp\/v2\/pages\/592","targetHints":{"allow":["GET"]}}],"collection":[{"href":"https:\/\/linguisticasum.fr\/index.php?rest_route=\/wp\/v2\/pages"}],"about":[{"href":"https:\/\/linguisticasum.fr\/index.php?rest_route=\/wp\/v2\/types\/page"}],"author":[{"embeddable":true,"href":"https:\/\/linguisticasum.fr\/index.php?rest_route=\/wp\/v2\/users\/1"}],"replies":[{"embeddable":true,"href":"https:\/\/linguisticasum.fr\/index.php?rest_route=%2Fwp%2Fv2%2Fcomments&post=592"}],"version-history":[{"count":8,"href":"https:\/\/linguisticasum.fr\/index.php?rest_route=\/wp\/v2\/pages\/592\/revisions"}],"predecessor-version":[{"id":735,"href":"https:\/\/linguisticasum.fr\/index.php?rest_route=\/wp\/v2\/pages\/592\/revisions\/735"}],"wp:attachment":[{"href":"https:\/\/linguisticasum.fr\/index.php?rest_route=%2Fwp%2Fv2%2Fmedia&parent=592"}],"curies":[{"name":"wp","href":"https:\/\/api.w.org\/{rel}","templated":true}]}}