{"id":690,"date":"2024-04-12T12:04:45","date_gmt":"2024-04-12T12:04:45","guid":{"rendered":"https:\/\/linguisticasum.fr\/?page_id=690"},"modified":"2025-09-20T20:46:21","modified_gmt":"2025-09-20T20:46:21","slug":"politique-de-confidentialite","status":"publish","type":"page","link":"https:\/\/linguisticasum.fr\/?page_id=690","title":{"rendered":"Politique de confidentialit\u00e9."},"content":{"rendered":"\r\n<h2 class=\"wp-block-heading\" style=\"text-align: justify;\">Qui sommes-nous\u00a0?<\/h2>\r\n\r\n\r\n\r\n<p style=\"text-align: justify;\">L\u2019adresse de notre site est : https:\/\/linguisticasum.fr.<\/p>\r\n<p style=\"text-align: justify;\">Ce site est g\u00e9r\u00e9 par Romain JACQUET (moi).\u00a0 Il s&rsquo;agit d&rsquo;un carnet de recherche dans lequel je propose certains de mes travaux, sur des sujets divers, que j&rsquo;ai envie de partager et pour lesquels je m&rsquo;expose dans l&rsquo;agora du world wide web (brrr). J&rsquo;y aborde \u00e9galement des sujets sur lesquels j&rsquo;ai envie d&rsquo;\u00e9crire ou de r\u00e9agir, il peut s&rsquo;agir de sujets mondains ou plus complexes comme des travaux scientifiques. Dans le but de respecter la propri\u00e9t\u00e9 intellectuelle, les auteurs et autrices des articles sont d\u00fbment cit\u00e9s et un lien vers leurs travaux syst\u00e9matiquement indiqu\u00e9 en fin d&rsquo;article ou en annexe des travaux publi\u00e9s. Si vous remarquez qu&rsquo;une r\u00e9f\u00e9rence est manquante, merci de laisser un commentaire ou d&rsquo;utiliser le formulaire de contact en sp\u00e9cifiant l&rsquo;article\/le document en question et en fournissant un lien vers la ressource \u00e0 citer pour que je puisse l&rsquo;y ajouter.\u00a0<\/p>\r\n<p style=\"text-align: justify;\">Les points de vues et opinions exprim\u00e9es sur ce site sont miennes et n&rsquo;engagent personne (pas m\u00eame moi, hah!). En dehors du respect des lois fran\u00e7aises et europ\u00e9ennes concernant mes publications, je ne suis pas responsable et ne peut pas \u00eatre tenu pour responsable de ce que vous comprenez ni de vos actes. J&rsquo;invite chaque lecteur et lectrice \u00e0 consid\u00e9rer avec un grain de sel tout ce qui peut \u00eatre publi\u00e9 sur ce site et \u00e0 v\u00e9rifier par eux m\u00eames les sources sur lesquelles je m&rsquo;appuis.\u00a0<\/p>\r\n<p>La politique de confidentialit\u00e9 qui suit reprend un format classique et pourra \u00eatre mise \u00e0 jour au fur et \u00e0 mesure du d\u00e9veloppement de mon activit\u00e9.\u00a0<\/p>\r\n<h2 style=\"text-align: justify;\">Mes projets :\u00a0\u00a0<\/h2>\r\n<p>Ce carnet de recherche r\u00e9unit plusieurs projets en cours :\u00a0<\/p>\r\n<p>PAROLES : Une s\u00e9rie de podcasts donnant la parole \u00e0 celles et ceux qui veulent la prendre, des personnes que nous croisons tous les jours et que nous avons apprit \u00e0 ne plus voir et \u00e0 ne plus \u00e9couter.<\/p>\r\n<p>Mon entreprise \u00ab\u00a0Linguistica Sum\u00a0\u00bb : un projet d&rsquo;enseignement s&rsquo;adressant \u00e0 celles et ceux qui souhaitent d\u00e9velopper leur esprit critique, d\u00e9couvrir de nouvelles fa\u00e7ons d&rsquo;apprendre et surtout renouer avec le plaisir d&rsquo;apprendre, d\u00e9couvrir et s&rsquo;interroger sur le monde.\u00a0 \u00a0\u00a0<\/p>\r\n<h2 style=\"text-align: justify;\">R\u00e9utilisation des contenus de linguisticasum.fr\u00a0<\/h2>\r\n<p>Les textes, images et vid\u00e9os cr\u00e9\u00e9es et publi\u00e9es par linguisticasum sur ce site sont librement r\u00e9utilisables sous la licence Creative Commons <a href=\"https:\/\/creativecommons.org\/licenses\/by-sa\/4.0\/\">CC BY-SA 4.0<\/a>.<\/p>\r\n<p style=\"text-align: justify;\">Vous pouvez donc r\u00e9utiliser les contenus publi\u00e9s \u00e0 conditions de les repartager \u00e0 l\u2019identique, nous les attribuer en nous citant, et en les publiant sous la m\u00eame licence, ou autre licence copyleft compatible. N&rsquo;h\u00e9sitez pas \u00e0 nous contacter si vous avez besoin d&rsquo;aide ou de conseils en vue d&rsquo;int\u00e9grer nos contenus \u00e0 vos travaux.\u00a0<\/p>\r\n<h2 style=\"text-align: justify;\">L&rsquo;association Science et Langage (SLANG)\u00a0\u00a0<\/h2>\r\n<p style=\"text-align: justify;\">Fond\u00e9e en 2021 par Romain JACQUET, F\u00e9lix MOHANADAS et Dana\u00e9 GILLET alors \u00e9tudiants \u00e0 la facult\u00e9 d&rsquo;Aix-Marseille Universit\u00e9, l&rsquo;association SLANG a pour but de r\u00e9unir des \u00e9tudiants passionn\u00e9s par les langues, le langage et son utilisation. En 2024, l&rsquo;association s&rsquo;est ouverte \u00e0 l&rsquo;ensemble des personnes souhaitant \u00e9tudier le langage et les langues. Notre approche se base sur l&rsquo;analyse s\u00e9miotique ainsi que socio-linguistique : nous observons les langues dans leur mobilisation par les locuteurs.\u00a0<\/p>\r\n<h2 style=\"text-align: justify;\">Autres pr\u00e9cisions\u00a0\u00a0<\/h2>\r\n\r\n\r\n\r\n<p style=\"text-align: justify;\">Les commentaires des visiteurs peuvent \u00eatre v\u00e9rifi\u00e9s \u00e0 l\u2019aide d\u2019un service automatis\u00e9 de d\u00e9tection des commentaires ind\u00e9sirables.<\/p>\r\n<p>Cette charte est mise \u00e0 jour en date du 15 Avril 2024 et pourra \u00eatre compl\u00e9t\u00e9e en fonction des besoins et de l&rsquo;\u00e9volution du site.\u00a0<\/p>\r\n","protected":false},"excerpt":{"rendered":"<p>Qui sommes-nous\u00a0? L\u2019adresse de notre site est : https:\/\/linguisticasum.fr. Ce site est g\u00e9r\u00e9 par Romain JACQUET (moi).\u00a0 Il s&rsquo;agit d&rsquo;un carnet de recherche dans lequel<\/p>\n","protected":false},"author":1,"featured_media":0,"parent":0,"menu_order":0,"comment_status":"closed","ping_status":"closed","template":"","meta":{"om_disable_all_campaigns":false,"_uag_custom_page_level_css":"","_monsterinsights_skip_tracking":false,"_monsterinsights_sitenote_active":false,"_monsterinsights_sitenote_note":"","_monsterinsights_sitenote_category":0,"footnotes":""},"class_list":["post-690","page","type-page","status-publish","hentry"],"aioseo_notices":[],"uagb_featured_image_src":{"full":false,"thumbnail":false,"medium":false,"medium_large":false,"large":false,"1536x1536":false,"2048x2048":false,"fairy-large":false,"fairy-medium":false},"uagb_author_info":{"display_name":"Romain J.","author_link":"https:\/\/linguisticasum.fr\/?author=1"},"uagb_comment_info":0,"uagb_excerpt":"Qui sommes-nous\u00a0? L\u2019adresse de notre site est : https:\/\/linguisticasum.fr. Ce site est g\u00e9r\u00e9 par Romain JACQUET (moi).\u00a0 Il s&rsquo;agit d&rsquo;un carnet de recherche dans lequel","_links":{"self":[{"href":"https:\/\/linguisticasum.fr\/index.php?rest_route=\/wp\/v2\/pages\/690","targetHints":{"allow":["GET"]}}],"collection":[{"href":"https:\/\/linguisticasum.fr\/index.php?rest_route=\/wp\/v2\/pages"}],"about":[{"href":"https:\/\/linguisticasum.fr\/index.php?rest_route=\/wp\/v2\/types\/page"}],"author":[{"embeddable":true,"href":"https:\/\/linguisticasum.fr\/index.php?rest_route=\/wp\/v2\/users\/1"}],"replies":[{"embeddable":true,"href":"https:\/\/linguisticasum.fr\/index.php?rest_route=%2Fwp%2Fv2%2Fcomments&post=690"}],"version-history":[{"count":6,"href":"https:\/\/linguisticasum.fr\/index.php?rest_route=\/wp\/v2\/pages\/690\/revisions"}],"predecessor-version":[{"id":732,"href":"https:\/\/linguisticasum.fr\/index.php?rest_route=\/wp\/v2\/pages\/690\/revisions\/732"}],"wp:attachment":[{"href":"https:\/\/linguisticasum.fr\/index.php?rest_route=%2Fwp%2Fv2%2Fmedia&parent=690"}],"curies":[{"name":"wp","href":"https:\/\/api.w.org\/{rel}","templated":true}]}}